{"id":103,"date":"2016-10-13T12:44:24","date_gmt":"2016-10-13T10:44:24","guid":{"rendered":"http:\/\/www.pestitschek.at\/fensterundtuerengraz\/?page_id=103"},"modified":"2017-09-19T22:00:51","modified_gmt":"2017-09-19T20:00:51","slug":"dana-wohnungseingangstueren-pestitschek-graz-oesterreich","status":"publish","type":"page","link":"https:\/\/www.pestitschek.at\/fensterundtuerengraz\/dana-wohnungseingangstueren-pestitschek-graz-oesterreich\/","title":{"rendered":"Dana Wohnungseingangst\u00fcren Pestitschek Graz \u00d6sterreich"},"content":{"rendered":"<p><div class=\"fusion-fullwidth fullwidth-box fusion-builder-row-1 inothermHeader nonhundred-percent-fullwidth non-hundred-percent-height-scrolling fusion-no-small-visibility\" style=\"--awb-border-radius-top-left:0px;--awb-border-radius-top-right:0px;--awb-border-radius-bottom-right:0px;--awb-border-radius-bottom-left:0px;--awb-flex-wrap:wrap;\" ><div class=\"fusion-builder-row fusion-row\"><div class=\"fusion-layout-column fusion_builder_column fusion-builder-column-0 fusion_builder_column_1_1 1_1 fusion-one-full fusion-column-first fusion-column-last\" style=\"--awb-padding-top:10px;--awb-bg-size:cover;\"><div class=\"fusion-column-wrapper fusion-flex-column-wrapper-legacy\"><div class=\"fusion-widget-area awb-widget-area-element fusion-widget-area-1 fusion-content-widget-area\" style=\"--awb-title-size:13px;--awb-title-color:#333333;--awb-padding:0px 0px 0px 0px;\"><div id=\"menu-widget-4\" class=\"widget menu\"><style type=\"text\/css\">#menu-widget-4{text-align:center;}#fusion-menu-widget-4 li{display:inline-block;}#fusion-menu-widget-4 ul li a{display:inline-block;padding:0;border:0;color:#000000;font-size:22px;}#fusion-menu-widget-4 ul li a:after{content:\"|\";color:#000000;padding-right:25px;padding-left:25px;font-size:22px;}#fusion-menu-widget-4 ul li a:hover,#fusion-menu-widget-4 ul .menu-item.current-menu-item a{color:#f4aa00;}#fusion-menu-widget-4 ul li:last-child a:after{display:none;}#fusion-menu-widget-4 ul li .fusion-widget-cart-number{margin:0 7px;background-color:#f4aa00;color:#000000;}#fusion-menu-widget-4 ul li.fusion-active-cart-icon .fusion-widget-cart-icon:after{color:#f4aa00;}<\/style><nav id=\"fusion-menu-widget-4\" class=\"fusion-widget-menu\" aria-label=\"Secondary navigation\"><ul id=\"menu-wohnungseingangstuerenmenue\" class=\"menu\"><li id=\"menu-item-2069\" class=\"menu-item menu-item-type-post_type menu-item-object-page menu-item-2069\"><a title=\"Wohnungseingangst\u00fcren Pestitschek Graz \u00d6sterreich\" href=\"https:\/\/www.pestitschek.at\/fensterundtuerengraz\/wohnungseingangstueren-pestitschek-graz-oesterreich\/\">ALLGEMEINES<\/a><\/li><li id=\"menu-item-2070\" class=\"menu-item menu-item-type-post_type menu-item-object-page menu-item-2070\"><a title=\"Dana Wohnungseingangst\u00fcren Pestitschek Graz \u00d6sterreich\" href=\"https:\/\/www.pestitschek.at\/fensterundtuerengraz\/dana-wohnungseingangstueren-pestitschek-graz-oesterreich\/\">DANA<\/a><\/li><li id=\"menu-item-2071\" class=\"menu-item menu-item-type-post_type menu-item-object-page menu-item-2071\"><a title=\"Kunex Wohnungseingangst\u00fcren Pestitschek Graz \u00d6sterreich\" href=\"https:\/\/www.pestitschek.at\/fensterundtuerengraz\/kunex-wohnungseingangstueren-pestitschek-graz-oesterreich\/\">KUNEX<\/a><\/li><li id=\"menu-item-2068\" class=\"menu-item menu-item-type-post_type menu-item-object-page menu-item-2068\"><a title=\"W.T.G. Wohnungseingangst\u00fcren Pestitschek Graz \u00d6sterreich\" href=\"https:\/\/www.pestitschek.at\/fensterundtuerengraz\/w-t-g-wohnungseingangstueren-pestitschek-graz-oesterreich\/\">W.T.G.<\/a><\/li><\/ul><\/nav><\/div><div class=\"fusion-additional-widget-content\"><\/div><\/div><div class=\"fusion-clearfix\"><\/div><\/div><\/div><\/div><\/div><div class=\"fusion-fullwidth fullwidth-box fusion-builder-row-2 nonhundred-percent-fullwidth non-hundred-percent-height-scrolling\" style=\"--awb-border-radius-top-left:0px;--awb-border-radius-top-right:0px;--awb-border-radius-bottom-right:0px;--awb-border-radius-bottom-left:0px;--awb-padding-top:5px;--awb-padding-bottom:20px;--awb-background-color:#ffffff;--awb-flex-wrap:wrap;\" ><div class=\"fusion-builder-row fusion-row\"><div class=\"fusion-layout-column fusion_builder_column fusion-builder-column-1 fusion_builder_column_1_2 1_2 fusion-one-half fusion-column-first\" style=\"--awb-padding-right:20px;--awb-padding-bottom:20px;--awb-bg-size:cover;width:50%;width:calc(50% - ( ( 0px ) * 0.5 ) );margin-right: 0px;\"><div class=\"fusion-column-wrapper fusion-flex-column-wrapper-legacy\"><div class=\"fusion-text fusion-text-1\"><h1 class=\"myHeadline1\">WOHNUNGSEINGANGST\u00dcREN VON DANA<\/h1>\n<p class=\"myInfoText2\"><strong>MIT SICHERHEIT EINE GUTE WAHL!<\/strong><\/p>\n<\/div><div class=\"fusion-alignleft\"><a class=\"fusion-button button-flat fusion-button-default-size button-default fusion-button-default button-1 fusion-button-default-span fusion-button-default-type fusion-no-small-visibility\" target=\"_self\" title=\"DANA Wohnungseingangst\u00fcren von Pestitschek Graz \u00d6sterreich\" aria-label=\"DANA Wohnungseingangst\u00fcren von Pestitschek Graz \u00d6sterreich\" href=\"#\" data-toggle=\"modal\" data-target=\".fusion-modal.Sicherheitstechnik-DANA-Modal1\"><span class=\"fusion-button-text fusion-button-text-right\">DANA Sicherheitstechnik<\/span><span class=\"fusion-button-icon-divider button-icon-divider-right\"><i class=\" fa fa-arrow-right\" aria-hidden=\"true\"><\/i><\/span><\/a><\/div><div class=\"fusion-alignleft\"><a class=\"fusion-button button-flat fusion-button-default-size button-default fusion-button-default button-2 fusion-button-default-span fusion-button-default-type fusion-no-medium-visibility fusion-no-large-visibility\" target=\"_self\" title=\"DANA Wohnungseingangst\u00fcren von Pestitschek Graz \u00d6sterreich\" aria-label=\"DANA Wohnungseingangst\u00fcren von Pestitschek Graz \u00d6sterreich\" href=\"#\" data-toggle=\"modal\" data-target=\".fusion-modal.Sicherheitstechnik-DANA-Modal1\"><span class=\"fusion-button-text fusion-button-text-right\">DANA Sicherheitstechnik<\/span><span class=\"fusion-button-icon-divider button-icon-divider-right\"><i class=\" fa fa-arrow-right\" aria-hidden=\"true\"><\/i><\/span><\/a><\/div><div class=\"fusion-sep-clear\"><\/div><div class=\"fusion-separator fusion-full-width-sep\" style=\"margin-left: auto;margin-right: auto;margin-top:25px;width:100%;\"><\/div><div class=\"fusion-sep-clear\"><\/div><div class=\"fusion-modal modal fade modal-1 Sicherheitstechnik-DANA-Modal1 has-light-close\" tabindex=\"-1\" role=\"dialog\" aria-labelledby=\"modal-heading-1\" aria-hidden=\"true\" style=\"--awb-border-color:#ebebeb;--awb-background:rgba(0,0,0,0.8);\"><div class=\"modal-dialog modal-lg\" role=\"document\"><div class=\"modal-content fusion-modal-content\"><div class=\"modal-header\"><button class=\"close\" type=\"button\" data-dismiss=\"modal\" aria-hidden=\"true\" aria-label=\"Close\">&times;<\/button><h3 class=\"modal-title\" id=\"modal-heading-1\" data-dismiss=\"modal\" aria-hidden=\"true\">Sicherheitstechnik DANA - Wohnungseingangst\u00fcren<\/h3><\/div><div class=\"modal-body fusion-clearfix\">\n<div id=\"attachment_2092\" style=\"width: 914px\" class=\"wp-caption aligncenter\"><img decoding=\"async\" aria-describedby=\"caption-attachment-2092\" class=\"lazyload size-full wp-image-2092\" src=\"https:\/\/www.pestitschek.at\/fensterundtuerengraz\/wp-content\/uploads\/2016\/10\/DANA-Sicherheitstechnik-Wohnungseingangstueren.jpg\" data-orig-src=\"https:\/\/www.pestitschek.at\/fensterundtuerengraz\/wp-content\/uploads\/2016\/10\/DANA-Sicherheitstechnik-Wohnungseingangstueren.jpg\" alt=\"ANA-Sicherheitstechnik-Wohnungseingangstueren\" width=\"904\" height=\"844\" srcset=\"data:image\/svg+xml,%3Csvg%20xmlns%3D%27http%3A%2F%2Fwww.w3.org%2F2000%2Fsvg%27%20width%3D%27904%27%20height%3D%27844%27%20viewBox%3D%270%200%20904%20844%27%3E%3Crect%20width%3D%27904%27%20height%3D%27844%27%20fill-opacity%3D%220%22%2F%3E%3C%2Fsvg%3E\" data-srcset=\"https:\/\/www.pestitschek.at\/fensterundtuerengraz\/wp-content\/uploads\/2016\/10\/DANA-Sicherheitstechnik-Wohnungseingangstueren-200x187.jpg 200w, https:\/\/www.pestitschek.at\/fensterundtuerengraz\/wp-content\/uploads\/2016\/10\/DANA-Sicherheitstechnik-Wohnungseingangstueren-300x280.jpg 300w, https:\/\/www.pestitschek.at\/fensterundtuerengraz\/wp-content\/uploads\/2016\/10\/DANA-Sicherheitstechnik-Wohnungseingangstueren-400x373.jpg 400w, https:\/\/www.pestitschek.at\/fensterundtuerengraz\/wp-content\/uploads\/2016\/10\/DANA-Sicherheitstechnik-Wohnungseingangstueren-600x560.jpg 600w, https:\/\/www.pestitschek.at\/fensterundtuerengraz\/wp-content\/uploads\/2016\/10\/DANA-Sicherheitstechnik-Wohnungseingangstueren-768x717.jpg 768w, https:\/\/www.pestitschek.at\/fensterundtuerengraz\/wp-content\/uploads\/2016\/10\/DANA-Sicherheitstechnik-Wohnungseingangstueren-800x747.jpg 800w, https:\/\/www.pestitschek.at\/fensterundtuerengraz\/wp-content\/uploads\/2016\/10\/DANA-Sicherheitstechnik-Wohnungseingangstueren.jpg 904w\" data-sizes=\"auto\" data-orig-sizes=\"(max-width: 904px) 100vw, 904px\" \/><p id=\"caption-attachment-2092\" class=\"wp-caption-text\">ANA-Sicherheitstechnik-Wohnungseingangstueren<\/p><\/div>\n<\/div><\/div><\/div><\/div><div class=\"fusion-text fusion-text-2\"><p class=\"myInfoText2\">DANA bietet Ihnen bei Wohnungseingangst\u00fcren ein umfassendes Programm f\u00fcr alle Zwecke.<br \/>\nMit der Einbruchhemmung gem\u00e4\u00df Widerstandsklassen (RC\/WK) k\u00f6nnen Sie ma\u00dfgeschneidert auf Nummer sicher gehen:<\/p>\n<p class=\"myInfoText2\"><strong>RC2\/WK2 T\u00fcren:<\/strong><br \/>\nSchutz vor dem Einsatz von Werkzeugen wie Schraubenziehern, Zangen und Keilen<\/p>\n<p class=\"myInfoText2\"><strong>RC3\/WK3 T\u00fcren:<\/strong><br \/>\nErh\u00f6hter Widerstand auch gegen Spezialwerkzeuge<\/p>\n<p class=\"myInfoText2\">Alle einbruchhemmenden T\u00fcren von DANA sind von staatlich anerkannten Stellen entsprechend gepr\u00fcft und erf\u00fcllen somit die Voraussetzungen, um die EH-Plakette und somit m\u00f6gliche F\u00f6rderungen zu bekommen.<\/p>\n<\/div><div class=\"fusion-clearfix\"><\/div><\/div><\/div><div class=\"fusion-layout-column fusion_builder_column fusion-builder-column-2 fusion_builder_column_1_2 1_2 fusion-one-half fusion-column-last\" style=\"--awb-padding-top:20px;--awb-bg-size:cover;width:50%;width:calc(50% - ( ( 0px ) * 0.5 ) );\"><div class=\"fusion-column-wrapper fusion-flex-column-wrapper-legacy\"><div class=\"fusion-image-element fusion-image-align-left in-legacy-container\" style=\"text-align:left;--awb-caption-title-font-family:var(--h2_typography-font-family);--awb-caption-title-font-weight:var(--h2_typography-font-weight);--awb-caption-title-font-style:var(--h2_typography-font-style);--awb-caption-title-size:var(--h2_typography-font-size);--awb-caption-title-transform:var(--h2_typography-text-transform);--awb-caption-title-line-height:var(--h2_typography-line-height);--awb-caption-title-letter-spacing:var(--h2_typography-letter-spacing);\"><span class=\" fusion-imageframe imageframe-dropshadow imageframe-1 hover-type-zoomin fusion-animated\" style=\"border:1px solid #000000;-webkit-box-shadow: 3px 3px 7px rgba(0,0,0,0.3);box-shadow: 3px 3px 7px rgba(0,0,0,0.3);margin-right:25px;float:left;\" data-animationType=\"fadeIn\" data-animationDuration=\"0.3\" data-animationOffset=\"top-into-view\"><img decoding=\"async\" width=\"600\" height=\"600\" alt=\"DANA Wohnungseingangst\u00fcren von Pestitschek Graz - \u00d6sterreich\" title=\"Dana-Wohnungseingangstueren-Start1\" src=\"https:\/\/www.pestitschek.at\/fensterundtuerengraz\/wp-content\/uploads\/2016\/10\/Dana-Wohnungseingangstueren-Start1.jpg\" data-orig-src=\"https:\/\/www.pestitschek.at\/fensterundtuerengraz\/wp-content\/uploads\/2016\/10\/Dana-Wohnungseingangstueren-Start1.jpg\" class=\"lazyload img-responsive wp-image-2086\" srcset=\"data:image\/svg+xml,%3Csvg%20xmlns%3D%27http%3A%2F%2Fwww.w3.org%2F2000%2Fsvg%27%20width%3D%27600%27%20height%3D%27600%27%20viewBox%3D%270%200%20600%20600%27%3E%3Crect%20width%3D%27600%27%20height%3D%27600%27%20fill-opacity%3D%220%22%2F%3E%3C%2Fsvg%3E\" data-srcset=\"https:\/\/www.pestitschek.at\/fensterundtuerengraz\/wp-content\/uploads\/2016\/10\/Dana-Wohnungseingangstueren-Start1-200x200.jpg 200w, https:\/\/www.pestitschek.at\/fensterundtuerengraz\/wp-content\/uploads\/2016\/10\/Dana-Wohnungseingangstueren-Start1-400x400.jpg 400w, https:\/\/www.pestitschek.at\/fensterundtuerengraz\/wp-content\/uploads\/2016\/10\/Dana-Wohnungseingangstueren-Start1.jpg 600w\" data-sizes=\"auto\" data-orig-sizes=\"(max-width: 800px) 100vw, 600px\" \/><\/span><\/div><div class=\"fusion-clearfix\"><\/div><\/div><\/div><\/div><\/div><div class=\"fusion-fullwidth fullwidth-box fusion-builder-row-3 nonhundred-percent-fullwidth non-hundred-percent-height-scrolling fusion-no-small-visibility fusion-no-medium-visibility\" style=\"--awb-border-radius-top-left:0px;--awb-border-radius-top-right:0px;--awb-border-radius-bottom-right:0px;--awb-border-radius-bottom-left:0px;--awb-padding-top:0px;--awb-padding-right:0px;--awb-padding-bottom:0px;--awb-padding-left:0px;--awb-margin-top:0px;--awb-margin-bottom:0px;--awb-background-color:#626262;--awb-border-sizes-top:0px;--awb-border-sizes-bottom:0px;--awb-flex-wrap:wrap;\" ><div class=\"fusion-builder-row fusion-row\"><div class=\"fusion-layout-column fusion_builder_column fusion-builder-column-3 fusion_builder_column_1_1 1_1 fusion-one-full fusion-column-first fusion-column-last\" style=\"--awb-padding-top:20px;--awb-padding-right:0px;--awb-padding-bottom:0px;--awb-padding-left:0px;--awb-bg-size:cover;--awb-border-color:#000000;--awb-border-style:solid;\"><div class=\"fusion-column-wrapper fusion-flex-column-wrapper-legacy\"><div class=\"fusion-column-content-centered\"><div class=\"fusion-column-content\"><div class=\"fusion-title title fusion-title-1 fusion-title-text fusion-title-size-two\" style=\"--awb-sep-color:#b5b5b5;\"><h2 class=\"fusion-title-heading title-heading-left fusion-responsive-typography-calculated\" style=\"margin:0;--fontSize:22;--minFontSize:22;line-height:1.5;\"><h2 class=\"myHeadlinePremium\">UNSERE PREMIUM-PARTNER F\u00dcR WOHNUNGSEINGANGST\u00dcREN:<\/h2><\/h2><span class=\"awb-title-spacer\"><\/span><div class=\"title-sep-container\"><div class=\"title-sep sep-double sep-dashed\" style=\"border-color:#b5b5b5;\"><\/div><\/div><\/div><\/div><\/div><div class=\"fusion-clearfix\"><\/div><\/div><\/div><\/div><\/div><div class=\"fusion-fullwidth fullwidth-box fusion-builder-row-4 nonhundred-percent-fullwidth non-hundred-percent-height-scrolling fusion-no-large-visibility\" style=\"--awb-border-radius-top-left:0px;--awb-border-radius-top-right:0px;--awb-border-radius-bottom-right:0px;--awb-border-radius-bottom-left:0px;--awb-padding-top:0px;--awb-padding-right:0px;--awb-padding-bottom:0px;--awb-padding-left:0px;--awb-margin-top:0px;--awb-margin-bottom:0px;--awb-background-color:#626262;--awb-border-sizes-top:0px;--awb-border-sizes-bottom:0px;--awb-flex-wrap:wrap;\" ><div class=\"fusion-builder-row fusion-row\"><div class=\"fusion-layout-column fusion_builder_column fusion-builder-column-4 fusion_builder_column_1_1 1_1 fusion-one-full fusion-column-first fusion-column-last\" style=\"--awb-padding-bottom:0px;--awb-padding-left:30px;--awb-bg-size:cover;--awb-border-color:#000000;--awb-border-style:solid;\"><div class=\"fusion-column-wrapper fusion-flex-column-wrapper-legacy\"><div class=\"fusion-column-content-centered\"><div class=\"fusion-column-content\"><div class=\"fusion-text fusion-text-3\"><h4 class=\"myHeadlinePremium\">UNSERE PREMIUM-PARTNER F\u00dcR WOHNUNGSEINGANGST\u00dcREN:<\/h4>\n<\/div><\/div><\/div><div class=\"fusion-clearfix\"><\/div><\/div><\/div><\/div><\/div><div class=\"fusion-fullwidth fullwidth-box fusion-builder-row-5 nonhundred-percent-fullwidth non-hundred-percent-height-scrolling fusion-equal-height-columns\" style=\"--awb-border-radius-top-left:0px;--awb-border-radius-top-right:0px;--awb-border-radius-bottom-right:0px;--awb-border-radius-bottom-left:0px;--awb-padding-top:20px;--awb-padding-right:0px;--awb-padding-bottom:20px;--awb-padding-left:0px;--awb-background-color:#ffffff;--awb-flex-wrap:wrap;\" ><div class=\"fusion-builder-row fusion-row\"><div class=\"fusion-layout-column fusion_builder_column fusion-builder-column-5 fusion_builder_column_1_1 1_1 fusion-one-full fusion-column-first fusion-column-last\" style=\"--awb-bg-size:cover;\"><div class=\"fusion-column-wrapper fusion-flex-column-wrapper-legacy\"><div class=\"fusion-image-carousel fusion-image-carousel-auto fusion-image-carousel-1 fusion-carousel-border\"><div class=\"awb-carousel awb-swiper awb-swiper-carousel\" data-autoplay=\"yes\" data-columns=\"3\" data-itemmargin=\"20\" data-itemwidth=\"180\" data-touchscroll=\"no\" data-imagesize=\"auto\" style=\"--awb-columns:3;--awb-column-spacing:20px;\"><div class=\"swiper-wrapper awb-image-carousel-wrapper fusion-flex-align-items-center\"><div class=\"swiper-slide\"><div class=\"fusion-carousel-item-wrapper\"><div class=\"fusion-image-wrapper hover-type-zoomout\"><a href=\"https:\/\/www.pestitschek.at\/fensterundtuerengraz\/dana-wohnungseingangstueren-pestitschek-graz-oesterreich\/\" target=\"_self\"><img decoding=\"async\" width=\"200\" height=\"150\" src=\"data:image\/svg+xml,%3Csvg%20xmlns%3D%27http%3A%2F%2Fwww.w3.org%2F2000%2Fsvg%27%20width%3D%27200%27%20height%3D%27150%27%20viewBox%3D%270%200%20200%20150%27%3E%3Crect%20width%3D%27200%27%20height%3D%27150%27%20fill-opacity%3D%220%22%2F%3E%3C%2Fsvg%3E\" class=\"attachment-full size-full lazyload\" alt=\"DANA Wohnungseingangst\u00fcren von Pestitschek Graz - \u00d6sterreich\" data-orig-src=\"https:\/\/www.pestitschek.at\/fensterundtuerengraz\/wp-content\/uploads\/2016\/10\/logo-dana-premiumpartner-pestitschek2.jpg\" \/><\/a><\/div><\/div><\/div><div class=\"swiper-slide\"><div class=\"fusion-carousel-item-wrapper\"><div class=\"fusion-image-wrapper hover-type-zoomout\"><a href=\"https:\/\/www.pestitschek.at\/fensterundtuerengraz\/kunex-wohnungseingangstueren-pestitschek-graz-oesterreich\/\" target=\"_self\"><img decoding=\"async\" width=\"200\" height=\"150\" src=\"data:image\/svg+xml,%3Csvg%20xmlns%3D%27http%3A%2F%2Fwww.w3.org%2F2000%2Fsvg%27%20width%3D%27200%27%20height%3D%27150%27%20viewBox%3D%270%200%20200%20150%27%3E%3Crect%20width%3D%27200%27%20height%3D%27150%27%20fill-opacity%3D%220%22%2F%3E%3C%2Fsvg%3E\" class=\"attachment-full size-full lazyload\" alt=\"Kunex Wohnungseingangst\u00fcren von Pestitschek Graz - \u00d6sterreich\" data-orig-src=\"https:\/\/www.pestitschek.at\/fensterundtuerengraz\/wp-content\/uploads\/2016\/10\/logo-kunex-premiumpartner-pestitschek.jpg\" \/><\/a><\/div><\/div><\/div><div class=\"swiper-slide\"><div class=\"fusion-carousel-item-wrapper\"><div class=\"fusion-image-wrapper hover-type-zoomout\"><a href=\"https:\/\/www.pestitschek.at\/fensterundtuerengraz\/w-t-g-wohnungseingangstueren-pestitschek-graz-oesterreich\/\" target=\"_self\"><img decoding=\"async\" width=\"200\" height=\"150\" src=\"data:image\/svg+xml,%3Csvg%20xmlns%3D%27http%3A%2F%2Fwww.w3.org%2F2000%2Fsvg%27%20width%3D%27200%27%20height%3D%27150%27%20viewBox%3D%270%200%20200%20150%27%3E%3Crect%20width%3D%27200%27%20height%3D%27150%27%20fill-opacity%3D%220%22%2F%3E%3C%2Fsvg%3E\" class=\"attachment-full size-full lazyload\" alt=\"W.T.G. Wohnungseingangst\u00fcren von Pestitschek Graz - \u00d6sterreich\" data-orig-src=\"https:\/\/www.pestitschek.at\/fensterundtuerengraz\/wp-content\/uploads\/2016\/10\/logo-wtg-premiumpartner-pestitschek2.jpg\" \/><\/a><\/div><\/div><\/div><\/div><div class=\"awb-swiper-button awb-swiper-button-prev\"><i class=\"awb-icon-angle-left\" aria-hidden=\"true\"><\/i><\/div><div class=\"awb-swiper-button awb-swiper-button-next\"><i class=\"awb-icon-angle-right\" aria-hidden=\"true\"><\/i><\/div><\/div><\/div><div class=\"fusion-clearfix\"><\/div><\/div><\/div><\/div><\/div><div class=\"fusion-fullwidth fullwidth-box fusion-builder-row-6 hundred-percent-fullwidth non-hundred-percent-height-scrolling fusion-no-small-visibility\" style=\"--awb-border-radius-top-left:0px;--awb-border-radius-top-right:0px;--awb-border-radius-bottom-right:0px;--awb-border-radius-bottom-left:0px;--awb-padding-top:20px;--awb-padding-right:0px;--awb-padding-bottom:0px;--awb-padding-left:0px;--awb-margin-top:0px;--awb-margin-bottom:0px;--awb-border-sizes-top:0px;--awb-border-sizes-bottom:0px;--awb-flex-wrap:wrap;\" ><div class=\"fusion-builder-row fusion-row\"><div class=\"fusion-layout-column fusion_builder_column fusion-builder-column-6 fusion_builder_column_1_1 1_1 fusion-one-full fusion-column-first fusion-column-last\" style=\"--awb-padding-top:0px;--awb-padding-right:0px;--awb-padding-bottom:0px;--awb-padding-left:0px;--awb-bg-size:cover;--awb-border-color:#000000;--awb-border-style:solid;\"><div class=\"fusion-column-wrapper fusion-flex-column-wrapper-legacy\"><div class=\"fusion-column-content-centered\"><div class=\"fusion-column-content\"><div class=\"fusion-widget-area awb-widget-area-element fusion-widget-area-2 fusion-content-widget-area\" style=\"--awb-title-size:13px;--awb-background-color:#282a2b;--awb-title-color:#333333;--awb-padding:0px 0px 0px 0px;\"><div id=\"custom_html-2\" class=\"widget_text widget widget_custom_html\" style=\"border-style: solid;border-color:transparent;border-width:0px;\"><div class=\"textwidget custom-html-widget\"><\/div><\/div><div class=\"fusion-additional-widget-content\"><\/div><\/div><\/div><\/div><div class=\"fusion-clearfix\"><\/div><\/div><\/div><\/div><\/div><\/p>\n","protected":false},"excerpt":{"rendered":"","protected":false},"author":1,"featured_media":0,"parent":0,"menu_order":0,"comment_status":"closed","ping_status":"closed","template":"100-width.php","meta":{"_acf_changed":false,"footnotes":""},"acf":[],"_links":{"self":[{"href":"https:\/\/www.pestitschek.at\/fensterundtuerengraz\/wp-json\/wp\/v2\/pages\/103"}],"collection":[{"href":"https:\/\/www.pestitschek.at\/fensterundtuerengraz\/wp-json\/wp\/v2\/pages"}],"about":[{"href":"https:\/\/www.pestitschek.at\/fensterundtuerengraz\/wp-json\/wp\/v2\/types\/page"}],"author":[{"embeddable":true,"href":"https:\/\/www.pestitschek.at\/fensterundtuerengraz\/wp-json\/wp\/v2\/users\/1"}],"replies":[{"embeddable":true,"href":"https:\/\/www.pestitschek.at\/fensterundtuerengraz\/wp-json\/wp\/v2\/comments?post=103"}],"version-history":[{"count":48,"href":"https:\/\/www.pestitschek.at\/fensterundtuerengraz\/wp-json\/wp\/v2\/pages\/103\/revisions"}],"predecessor-version":[{"id":5230,"href":"https:\/\/www.pestitschek.at\/fensterundtuerengraz\/wp-json\/wp\/v2\/pages\/103\/revisions\/5230"}],"wp:attachment":[{"href":"https:\/\/www.pestitschek.at\/fensterundtuerengraz\/wp-json\/wp\/v2\/media?parent=103"}],"curies":[{"name":"wp","href":"https:\/\/api.w.org\/{rel}","templated":true}]}}