{"id":1942,"date":"2017-01-16T11:34:14","date_gmt":"2017-01-16T10:34:14","guid":{"rendered":"http:\/\/www.pestitschek.at\/fensterundtuerengraz\/?page_id=1942"},"modified":"2017-09-19T22:43:35","modified_gmt":"2017-09-19T20:43:35","slug":"wtg-innentueren-pestitschek-graz-oesterreich","status":"publish","type":"page","link":"https:\/\/www.pestitschek.at\/fensterundtuerengraz\/wtg-innentueren-pestitschek-graz-oesterreich\/","title":{"rendered":"W.T.G. Innent\u00fcren Pestitschek Graz \u00d6sterreich"},"content":{"rendered":"<p><div class=\"fusion-fullwidth fullwidth-box fusion-builder-row-1 inothermHeader nonhundred-percent-fullwidth non-hundred-percent-height-scrolling fusion-no-small-visibility\" style=\"--awb-border-radius-top-left:0px;--awb-border-radius-top-right:0px;--awb-border-radius-bottom-right:0px;--awb-border-radius-bottom-left:0px;--awb-flex-wrap:wrap;\" ><div class=\"fusion-builder-row fusion-row\"><div class=\"fusion-layout-column fusion_builder_column fusion-builder-column-0 fusion_builder_column_1_1 1_1 fusion-one-full fusion-column-first fusion-column-last\" style=\"--awb-padding-top:10px;--awb-bg-size:cover;\"><div class=\"fusion-column-wrapper fusion-flex-column-wrapper-legacy\"><div class=\"fusion-widget-area awb-widget-area-element fusion-widget-area-1 fusion-content-widget-area\" style=\"--awb-title-size:13px;--awb-title-color:#333333;--awb-padding:0px 0px 0px 0px;\"><div id=\"menu-widget-3\" class=\"widget menu\"><style type=\"text\/css\">#menu-widget-3{text-align:center;}#fusion-menu-widget-3 li{display:inline-block;}#fusion-menu-widget-3 ul li a{display:inline-block;padding:0;border:0;color:#000000;font-size:22px;}#fusion-menu-widget-3 ul li a:after{content:\"|\";color:#000000;padding-right:25px;padding-left:25px;font-size:22px;}#fusion-menu-widget-3 ul li a:hover,#fusion-menu-widget-3 ul .menu-item.current-menu-item a{color:#f4aa00;}#fusion-menu-widget-3 ul li:last-child a:after{display:none;}#fusion-menu-widget-3 ul li .fusion-widget-cart-number{margin:0 7px;background-color:#f4aa00;color:#000000;}#fusion-menu-widget-3 ul li.fusion-active-cart-icon .fusion-widget-cart-icon:after{color:#f4aa00;}<\/style><nav id=\"fusion-menu-widget-3\" class=\"fusion-widget-menu\" aria-label=\"Secondary navigation\"><ul id=\"menu-innentuerenmenue\" class=\"menu\"><li id=\"menu-item-1969\" class=\"menu-item menu-item-type-post_type menu-item-object-page menu-item-1969\"><a title=\"Innent\u00fcren Pestitschek Graz \u00d6sterreich\" href=\"https:\/\/www.pestitschek.at\/fensterundtuerengraz\/innentueren-pestitschek-graz-oesterreich\/\">ALLGEMEINES<\/a><\/li><li id=\"menu-item-1972\" class=\"menu-item menu-item-type-post_type menu-item-object-page menu-item-1972\"><a title=\"W.T.G. Innent\u00fcren Pestitschek Graz \u00d6sterreich\" href=\"https:\/\/www.pestitschek.at\/fensterundtuerengraz\/wtg-innentueren-pestitschek-graz-oesterreich\/\">W.T.G.<\/a><\/li><li id=\"menu-item-1971\" class=\"menu-item menu-item-type-post_type menu-item-object-page menu-item-1971\"><a title=\"KUNEX Innent\u00fcren Pestitschek Graz \u00d6sterreich\" href=\"https:\/\/www.pestitschek.at\/fensterundtuerengraz\/kunex-innentueren-pestitschek-graz-oesterreich\/\">KUNEX<\/a><\/li><li id=\"menu-item-1970\" class=\"menu-item menu-item-type-post_type menu-item-object-page menu-item-1970\"><a title=\"DANA Innent\u00fcren Pestitschek Graz \u00d6sterreich\" href=\"https:\/\/www.pestitschek.at\/fensterundtuerengraz\/dana-innentueren-pestitschek-graz-oesterreich\/\">DANA<\/a><\/li><\/ul><\/nav><\/div><div class=\"fusion-additional-widget-content\"><\/div><\/div><div class=\"fusion-clearfix\"><\/div><\/div><\/div><\/div><\/div><div class=\"fusion-fullwidth fullwidth-box fusion-builder-row-2 nonhundred-percent-fullwidth non-hundred-percent-height-scrolling\" style=\"--awb-border-radius-top-left:0px;--awb-border-radius-top-right:0px;--awb-border-radius-bottom-right:0px;--awb-border-radius-bottom-left:0px;--awb-padding-top:20px;--awb-padding-bottom:20px;--awb-background-color:#ffffff;--awb-flex-wrap:wrap;\" ><div class=\"fusion-builder-row fusion-row\"><div class=\"fusion-layout-column fusion_builder_column fusion-builder-column-1 fusion_builder_column_1_2 1_2 fusion-one-half fusion-column-first\" style=\"--awb-padding-top:20px;--awb-padding-right:20px;--awb-padding-bottom:20px;--awb-bg-size:cover;width:50%;width:calc(50% - ( ( 0px ) * 0.5 ) );margin-right: 0px;\"><div class=\"fusion-column-wrapper fusion-flex-column-wrapper-legacy\"><div class=\"fusion-alignleft\"><a class=\"fusion-button button-flat fusion-button-default-size button-default fusion-button-default button-1 fusion-button-span-no fusion-button-default-type fusion-animated\" data-animationType=\"flash\" data-animationDuration=\"0.3\" data-animationOffset=\"top-into-view\" target=\"_self\" title=\"W.T.G. Innent\u00fcren Graz \u00d6sterreich Pestitschek\" aria-label=\"W.T.G. Innent\u00fcren Graz \u00d6sterreich Pestitschek\" href=\"https:\/\/www.pestitschek.at\/fensterundtuerengraz\/w-t-g-innentueren-schauraum-pestitschek-graz-oesterreich\/\"><span class=\"fusion-button-text fusion-button-text-right\">zum W.T.G. Schauraum<\/span><span class=\"fusion-button-icon-divider button-icon-divider-right\"><i class=\" fa fa-chevron-circle-right\" aria-hidden=\"true\"><\/i><\/span><\/a><\/div><div class=\"fusion-sep-clear\"><\/div><div class=\"fusion-separator fusion-full-width-sep\" style=\"margin-left: auto;margin-right: auto;margin-top:20px;width:100%;\"><\/div><div class=\"fusion-sep-clear\"><\/div><div class=\"fusion-text fusion-text-1\"><h1 class=\"myHeadline1\">INNENT\u00dcREN VON W.T.G.<\/h1>\n<p class=\"myInfoTextHeadline2\">EIN \u00d6STERREICHISCHES FAMILIENUNTERNEHMEN<\/p>\n<p class=\"myInfoText2\">Seit 1925 ist W.T.G. einer der f\u00fchrenden Hersteller von Innent\u00fcren und Zargen in \u00d6sterreich. Erstklassige Qualit\u00e4t, Liebe zum Detail sowie Termin- und Liefertreue zeichnen dieses mittelst\u00e4ndisches Unternehmen seit jeher aus.<\/p>\n<p class=\"myInfoText2\">Mit einem abgerundeten Sortiment und Fertigung nach Kundenwunsch gilt W.T.G. als zuverl\u00e4ssigen Partner f\u00fcr H\u00e4uslbauer und Renovierer.<br \/>\nFertigung nach Ma\u00df und individuelle Holzstrukturauswahl erm\u00f6glichen die Verwirklichung Ihrer pers\u00f6nlichen Traumt\u00fcr.<\/p>\n<p class=\"myInfoText2\"><strong>Modern, klassisch, elegant, zeitlos und schlicht pr\u00e4sentiert W.T.G. Design am Puls der Zeit und vergisst dabei nie seine Tradition.<\/strong><\/p>\n<p class=\"myInfoText2\">Wenn Sie sich f\u00fcr eine W.T.G. T\u00fcr entscheiden, entscheiden Sie sich f\u00fcr h\u00f6chste Qualit\u00e4t. Modernste Produktionstechnologien, die niemals traditionelles Tischlerhandwerk ersetzen sondern nur erg\u00e4nzen, garantieren Ihnen ein Endprodukt der absoluten Spitzenklasse. Dabei kommt jedoch ein ausgewogenes Preis-Leistungsverh\u00e4ltnis niemals zu kurz.<\/p>\n<\/div><style type='text\/css'>.reading-box-container-1 .element-bottomshadow:before,.reading-box-container-1 .element-bottomshadow:after{opacity:0.7;}<\/style><div class=\"fusion-reading-box-container reading-box-container-1\" style=\"--awb-title-color:#333333;--awb-margin-top:10px;--awb-margin-bottom:30px;\"><div class=\"reading-box\" style=\"background-color:#f6f6f6;border-width:1px;border-color:#f6f6f6;border-left-width:3px;border-left-color:var(--primary_color);border-style:solid;\"><div class=\"reading-box-additional\">\n<p class=\"myInfoText2\"><strong>Handwerkliche Pr\u00e4zision gew\u00e4hrleistet Ihnen T\u00fcren, die Ihnen viele Jahre Freude bereiten.<\/strong><\/p>\n<\/div><div class=\"fusion-clearfix\"><\/div><\/div><\/div><div class=\"fusion-clearfix\"><\/div><\/div><\/div><div class=\"fusion-layout-column fusion_builder_column fusion-builder-column-2 fusion_builder_column_1_2 1_2 fusion-one-half fusion-column-last\" style=\"--awb-padding-top:20px;--awb-bg-size:cover;width:50%;width:calc(50% - ( ( 0px ) * 0.5 ) );\"><div class=\"fusion-column-wrapper fusion-flex-column-wrapper-legacy\"><div class=\"fusion-image-element fusion-image-align-left in-legacy-container\" style=\"text-align:left;--awb-caption-title-font-family:var(--h2_typography-font-family);--awb-caption-title-font-weight:var(--h2_typography-font-weight);--awb-caption-title-font-style:var(--h2_typography-font-style);--awb-caption-title-size:var(--h2_typography-font-size);--awb-caption-title-transform:var(--h2_typography-text-transform);--awb-caption-title-line-height:var(--h2_typography-line-height);--awb-caption-title-letter-spacing:var(--h2_typography-letter-spacing);\"><span class=\" fusion-imageframe imageframe-dropshadow imageframe-1 hover-type-zoomin fusion-animated\" style=\"border:1px solid #000000;-webkit-box-shadow: 3px 3px 7px rgba(0,0,0,0.3);box-shadow: 3px 3px 7px rgba(0,0,0,0.3);margin-right:25px;float:left;\" data-animationType=\"fadeIn\" data-animationDuration=\"0.3\" data-animationOffset=\"top-into-view\"><a class=\"fusion-no-lightbox\" href=\"https:\/\/www.pestitschek.at\/fensterundtuerengraz\/w-t-g-innentueren-schauraum-pestitschek-graz-oesterreich\/\" target=\"_self\" aria-label=\"WTG-Innentueren-Pestitschek-Start\"><img decoding=\"async\" width=\"600\" height=\"861\" alt=\"W.T.G. Innent\u00fcren von Pestitschek Graz - \u00d6sterreich\" src=\"https:\/\/www.pestitschek.at\/fensterundtuerengraz\/wp-content\/uploads\/2017\/01\/WTG-Innentueren-Pestitschek-Start.jpg\" data-orig-src=\"https:\/\/www.pestitschek.at\/fensterundtuerengraz\/wp-content\/uploads\/2017\/01\/WTG-Innentueren-Pestitschek-Start.jpg\" class=\"lazyload img-responsive wp-image-2011\" srcset=\"data:image\/svg+xml,%3Csvg%20xmlns%3D%27http%3A%2F%2Fwww.w3.org%2F2000%2Fsvg%27%20width%3D%27600%27%20height%3D%27861%27%20viewBox%3D%270%200%20600%20861%27%3E%3Crect%20width%3D%27600%27%20height%3D%27861%27%20fill-opacity%3D%220%22%2F%3E%3C%2Fsvg%3E\" data-srcset=\"https:\/\/www.pestitschek.at\/fensterundtuerengraz\/wp-content\/uploads\/2017\/01\/WTG-Innentueren-Pestitschek-Start-200x287.jpg 200w, https:\/\/www.pestitschek.at\/fensterundtuerengraz\/wp-content\/uploads\/2017\/01\/WTG-Innentueren-Pestitschek-Start-400x574.jpg 400w, https:\/\/www.pestitschek.at\/fensterundtuerengraz\/wp-content\/uploads\/2017\/01\/WTG-Innentueren-Pestitschek-Start.jpg 600w\" data-sizes=\"auto\" data-orig-sizes=\"(max-width: 800px) 100vw, 600px\" \/><\/a><\/span><\/div><div class=\"fusion-clearfix\"><\/div><\/div><\/div><\/div><\/div><div class=\"fusion-fullwidth fullwidth-box fusion-builder-row-3 nonhundred-percent-fullwidth non-hundred-percent-height-scrolling fusion-no-small-visibility fusion-no-medium-visibility\" style=\"--awb-border-radius-top-left:0px;--awb-border-radius-top-right:0px;--awb-border-radius-bottom-right:0px;--awb-border-radius-bottom-left:0px;--awb-padding-top:20px;--awb-padding-right:0px;--awb-padding-bottom:0px;--awb-padding-left:0px;--awb-margin-top:0px;--awb-margin-bottom:0px;--awb-background-color:#626262;--awb-border-sizes-top:0px;--awb-border-sizes-bottom:0px;--awb-flex-wrap:wrap;\" ><div class=\"fusion-builder-row fusion-row\"><div class=\"fusion-layout-column fusion_builder_column fusion-builder-column-3 fusion_builder_column_1_1 1_1 fusion-one-full fusion-column-first fusion-column-last\" style=\"--awb-padding-top:20px;--awb-padding-right:0px;--awb-padding-bottom:0px;--awb-padding-left:0px;--awb-bg-size:cover;--awb-border-color:#000000;--awb-border-style:solid;\"><div class=\"fusion-column-wrapper fusion-flex-column-wrapper-legacy\"><div class=\"fusion-column-content-centered\"><div class=\"fusion-column-content\"><div class=\"fusion-title title fusion-title-1 fusion-title-text fusion-title-size-two\" style=\"--awb-sep-color:#b5b5b5;\"><h2 class=\"fusion-title-heading title-heading-left fusion-responsive-typography-calculated\" style=\"margin:0;--fontSize:22;--minFontSize:22;line-height:1.5;\"><h2 class=\"myHeadlinePremium\">UNSERE PREMIUM-PARTNER F\u00dcR INNENT\u00dcREN:<\/h2><\/h2><span class=\"awb-title-spacer\"><\/span><div class=\"title-sep-container\"><div class=\"title-sep sep-double sep-dashed\" style=\"border-color:#b5b5b5;\"><\/div><\/div><\/div><\/div><\/div><div class=\"fusion-clearfix\"><\/div><\/div><\/div><\/div><\/div><div class=\"fusion-fullwidth fullwidth-box fusion-builder-row-4 nonhundred-percent-fullwidth non-hundred-percent-height-scrolling fusion-no-large-visibility\" style=\"--awb-border-radius-top-left:0px;--awb-border-radius-top-right:0px;--awb-border-radius-bottom-right:0px;--awb-border-radius-bottom-left:0px;--awb-padding-top:0px;--awb-padding-right:0px;--awb-padding-bottom:0px;--awb-padding-left:20px;--awb-margin-top:0px;--awb-margin-bottom:0px;--awb-background-color:#626262;--awb-border-sizes-top:0px;--awb-border-sizes-bottom:0px;--awb-flex-wrap:wrap;\" ><div class=\"fusion-builder-row fusion-row\"><div class=\"fusion-layout-column fusion_builder_column fusion-builder-column-4 fusion_builder_column_1_1 1_1 fusion-one-full fusion-column-first fusion-column-last\" style=\"--awb-padding-top:0px;--awb-padding-right:0px;--awb-padding-bottom:0px;--awb-padding-left:0px;--awb-bg-size:cover;--awb-border-color:#000000;--awb-border-style:solid;\"><div class=\"fusion-column-wrapper fusion-flex-column-wrapper-legacy\"><div class=\"fusion-column-content-centered\"><div class=\"fusion-column-content\"><div class=\"fusion-text fusion-text-2\"><h4 class=\"myHeadlinePremium\">UNSERE PREMIUM-PARTNER F\u00dcR INNENT\u00dcREN:<\/h4>\n<\/div><\/div><\/div><div class=\"fusion-clearfix\"><\/div><\/div><\/div><\/div><\/div><div class=\"fusion-fullwidth fullwidth-box fusion-builder-row-5 nonhundred-percent-fullwidth non-hundred-percent-height-scrolling fusion-equal-height-columns\" style=\"--awb-border-radius-top-left:0px;--awb-border-radius-top-right:0px;--awb-border-radius-bottom-right:0px;--awb-border-radius-bottom-left:0px;--awb-padding-top:20px;--awb-padding-right:0px;--awb-padding-bottom:20px;--awb-padding-left:0px;--awb-background-color:#ffffff;--awb-flex-wrap:wrap;\" ><div class=\"fusion-builder-row fusion-row\"><div class=\"fusion-layout-column fusion_builder_column fusion-builder-column-5 fusion_builder_column_1_1 1_1 fusion-one-full fusion-column-first fusion-column-last\" style=\"--awb-bg-size:cover;\"><div class=\"fusion-column-wrapper fusion-flex-column-wrapper-legacy\"><div class=\"fusion-widget-area awb-widget-area-element fusion-widget-area-2 fusion-content-widget-area\" style=\"--awb-title-size:13px;--awb-title-color:#333333;\"><div id=\"custom_html-4\" class=\"widget_text widget widget_custom_html\"><div class=\"textwidget custom-html-widget\"><div class=\"fusion-builder-row fusion-row\">\r\n<div class=\"fusion-layout-column fusion_builder_column fusion-builder-column-6 fusion_builder_column_1_1 1_1 fusion-one-full fusion-column-first fusion-column-last\" style=\"--awb-bg-size:cover;width:100%;\"><div class=\"fusion-column-wrapper fusion-flex-column-wrapper-legacy\">\r\n\r\n<div class=\"fusion-image-carousel fusion-image-carousel-auto fusion-image-carousel-1 fusion-carousel-border\"><div class=\"awb-carousel awb-swiper awb-swiper-carousel\" data-autoplay=\"yes\" data-columns=\"3\" data-itemmargin=\"20\" data-itemwidth=\"180\" data-touchscroll=\"no\" data-imagesize=\"auto\" style=\"--awb-columns:3;--awb-column-spacing:20px;\"><div class=\"swiper-wrapper awb-image-carousel-wrapper fusion-flex-align-items-center\"><div class=\"swiper-slide\"><div class=\"fusion-carousel-item-wrapper\"><div class=\"fusion-image-wrapper hover-type-zoomout\"><a href=\"http:\/\/www.pestitschek.at\/fensterundtuerengraz\/wtg-innentueren-pestitschek-graz-oesterreich\/\" target=\"_self\" rel=\"noopener\"><img decoding=\"async\" width=\"200\" height=\"150\" src=\"data:image\/svg+xml,%3Csvg%20xmlns%3D%27http%3A%2F%2Fwww.w3.org%2F2000%2Fsvg%27%20width%3D%27200%27%20height%3D%27150%27%20viewBox%3D%270%200%20200%20150%27%3E%3Crect%20width%3D%27200%27%20height%3D%27150%27%20fill-opacity%3D%220%22%2F%3E%3C%2Fsvg%3E\" class=\"attachment-full size-full lazyload\" alt=\"WTG Innent\u00fcren Premiumpartner Pestitschek Graz\" data-orig-src=\"https:\/\/www.pestitschek.at\/fensterundtuerengraz\/wp-content\/uploads\/2016\/10\/logo-wtg-premiumpartner-pestitschek2.jpg\" \/><\/a><\/div><\/div><\/div><div class=\"swiper-slide\"><div class=\"fusion-carousel-item-wrapper\"><div class=\"fusion-image-wrapper hover-type-zoomout\"><a href=\"http:\/\/www.pestitschek.at\/fensterundtuerengraz\/kunex-innentueren-pestitschek-graz-oesterreich\/\" target=\"_self\" rel=\"noopener\"><img decoding=\"async\" width=\"200\" height=\"150\" src=\"data:image\/svg+xml,%3Csvg%20xmlns%3D%27http%3A%2F%2Fwww.w3.org%2F2000%2Fsvg%27%20width%3D%27200%27%20height%3D%27150%27%20viewBox%3D%270%200%20200%20150%27%3E%3Crect%20width%3D%27200%27%20height%3D%27150%27%20fill-opacity%3D%220%22%2F%3E%3C%2Fsvg%3E\" class=\"attachment-full size-full lazyload\" alt=\"Kunex Innent\u00fcren Premiumpartner Pestitschek Graz\" data-orig-src=\"https:\/\/www.pestitschek.at\/fensterundtuerengraz\/wp-content\/uploads\/2016\/10\/logo-kunex-premiumpartner-pestitschek.jpg\" \/><\/a><\/div><\/div><\/div><div class=\"swiper-slide\"><div class=\"fusion-carousel-item-wrapper\"><div class=\"fusion-image-wrapper hover-type-zoomout\"><a href=\"http:\/\/www.pestitschek.at\/fensterundtuerengraz\/dana-innentueren-pestitschek-graz-oesterreich\/\" target=\"_self\" rel=\"noopener\"><img decoding=\"async\" width=\"200\" height=\"150\" src=\"data:image\/svg+xml,%3Csvg%20xmlns%3D%27http%3A%2F%2Fwww.w3.org%2F2000%2Fsvg%27%20width%3D%27200%27%20height%3D%27150%27%20viewBox%3D%270%200%20200%20150%27%3E%3Crect%20width%3D%27200%27%20height%3D%27150%27%20fill-opacity%3D%220%22%2F%3E%3C%2Fsvg%3E\" class=\"attachment-full size-full lazyload\" alt=\"Dana Premiumpartner Pestitschek Graz\" data-orig-src=\"https:\/\/www.pestitschek.at\/fensterundtuerengraz\/wp-content\/uploads\/2016\/10\/logo-dana-premiumpartner-pestitschek2.jpg\" \/><\/a><\/div><\/div><\/div><\/div><div class=\"awb-swiper-button awb-swiper-button-prev\"><i class=\"awb-icon-angle-left\" aria-hidden=\"true\"><\/i><\/div><div class=\"awb-swiper-button awb-swiper-button-next\"><i class=\"awb-icon-angle-right\" aria-hidden=\"true\"><\/i><\/div><\/div><\/div><div class=\"fusion-clearfix\"><\/div><\/div><\/div><\/div><\/div><\/div><div class=\"fusion-additional-widget-content\"><\/div><\/div><div class=\"fusion-clearfix\"><\/div><\/div><\/div><\/div><\/div><div class=\"fusion-fullwidth fullwidth-box fusion-builder-row-6 hundred-percent-fullwidth non-hundred-percent-height-scrolling fusion-no-small-visibility\" style=\"--awb-border-radius-top-left:0px;--awb-border-radius-top-right:0px;--awb-border-radius-bottom-right:0px;--awb-border-radius-bottom-left:0px;--awb-padding-top:20px;--awb-padding-right:0px;--awb-padding-bottom:0px;--awb-padding-left:0px;--awb-margin-top:0px;--awb-margin-bottom:0px;--awb-border-sizes-top:0px;--awb-border-sizes-bottom:0px;--awb-flex-wrap:wrap;\" ><div class=\"fusion-builder-row fusion-row\"><div class=\"fusion-layout-column fusion_builder_column fusion-builder-column-7 fusion_builder_column_1_1 1_1 fusion-one-full fusion-column-first fusion-column-last\" style=\"--awb-padding-top:0px;--awb-padding-right:0px;--awb-padding-bottom:0px;--awb-padding-left:0px;--awb-bg-size:cover;--awb-border-color:#000000;--awb-border-style:solid;\"><div class=\"fusion-column-wrapper fusion-flex-column-wrapper-legacy\"><div class=\"fusion-column-content-centered\"><div class=\"fusion-column-content\"><div class=\"fusion-widget-area awb-widget-area-element fusion-widget-area-3 fusion-content-widget-area\" style=\"--awb-title-size:13px;--awb-background-color:#282a2b;--awb-title-color:#333333;--awb-padding:0px 0px 0px 0px;\"><div id=\"custom_html-2\" class=\"widget_text widget widget_custom_html\" style=\"border-style: solid;border-color:transparent;border-width:0px;\"><div class=\"textwidget custom-html-widget\"><\/div><\/div><div class=\"fusion-additional-widget-content\"><\/div><\/div><\/div><\/div><div class=\"fusion-clearfix\"><\/div><\/div><\/div><\/div><\/div><\/p>\n","protected":false},"excerpt":{"rendered":"","protected":false},"author":1,"featured_media":0,"parent":0,"menu_order":0,"comment_status":"closed","ping_status":"closed","template":"100-width.php","meta":{"_acf_changed":false,"footnotes":""},"acf":[],"_links":{"self":[{"href":"https:\/\/www.pestitschek.at\/fensterundtuerengraz\/wp-json\/wp\/v2\/pages\/1942"}],"collection":[{"href":"https:\/\/www.pestitschek.at\/fensterundtuerengraz\/wp-json\/wp\/v2\/pages"}],"about":[{"href":"https:\/\/www.pestitschek.at\/fensterundtuerengraz\/wp-json\/wp\/v2\/types\/page"}],"author":[{"embeddable":true,"href":"https:\/\/www.pestitschek.at\/fensterundtuerengraz\/wp-json\/wp\/v2\/users\/1"}],"replies":[{"embeddable":true,"href":"https:\/\/www.pestitschek.at\/fensterundtuerengraz\/wp-json\/wp\/v2\/comments?post=1942"}],"version-history":[{"count":28,"href":"https:\/\/www.pestitschek.at\/fensterundtuerengraz\/wp-json\/wp\/v2\/pages\/1942\/revisions"}],"predecessor-version":[{"id":5221,"href":"https:\/\/www.pestitschek.at\/fensterundtuerengraz\/wp-json\/wp\/v2\/pages\/1942\/revisions\/5221"}],"wp:attachment":[{"href":"https:\/\/www.pestitschek.at\/fensterundtuerengraz\/wp-json\/wp\/v2\/media?parent=1942"}],"curies":[{"name":"wp","href":"https:\/\/api.w.org\/{rel}","templated":true}]}}