{"id":4654,"date":"2017-02-04T20:49:32","date_gmt":"2017-02-04T19:49:32","guid":{"rendered":"http:\/\/www.pestitschek.at\/fensterundtuerengraz\/?page_id=4654"},"modified":"2017-09-19T22:04:10","modified_gmt":"2017-09-19T20:04:10","slug":"egokiefer-fenster-pestitschek-graz-oesterreich","status":"publish","type":"page","link":"https:\/\/www.pestitschek.at\/fensterundtuerengraz\/egokiefer-fenster-pestitschek-graz-oesterreich\/","title":{"rendered":"EgoKiefer  Fenster Pestitschek Graz \u00d6sterreich"},"content":{"rendered":"<p><div class=\"fusion-fullwidth fullwidth-box fusion-builder-row-1 inothermHeader nonhundred-percent-fullwidth non-hundred-percent-height-scrolling fusion-no-small-visibility\" style=\"--awb-border-radius-top-left:0px;--awb-border-radius-top-right:0px;--awb-border-radius-bottom-right:0px;--awb-border-radius-bottom-left:0px;--awb-flex-wrap:wrap;\" ><div class=\"fusion-builder-row fusion-row\"><div class=\"fusion-layout-column fusion_builder_column fusion-builder-column-0 fusion_builder_column_1_1 1_1 fusion-one-full fusion-column-first fusion-column-last\" style=\"--awb-padding-top:10px;--awb-bg-size:cover;\"><div class=\"fusion-column-wrapper fusion-flex-column-wrapper-legacy\"><div class=\"fusion-widget-area awb-widget-area-element fusion-widget-area-1 fusion-content-widget-area\" style=\"--awb-title-size:13px;--awb-title-color:#333333;\"><div id=\"menu-widget-8\" class=\"widget menu\"><style type=\"text\/css\">#menu-widget-8{text-align:center;}#fusion-menu-widget-8 li{display:inline-block;}#fusion-menu-widget-8 ul li a{display:inline-block;padding:0;border:0;color:#000000;font-size:22px;}#fusion-menu-widget-8 ul li a:after{content:\"|\";color:#000000;padding-right:25px;padding-left:25px;font-size:22px;}#fusion-menu-widget-8 ul li a:hover,#fusion-menu-widget-8 ul .menu-item.current-menu-item a{color:#f4aa00;}#fusion-menu-widget-8 ul li:last-child a:after{display:none;}#fusion-menu-widget-8 ul li .fusion-widget-cart-number{margin:0 7px;background-color:#f4aa00;color:#000000;}#fusion-menu-widget-8 ul li.fusion-active-cart-icon .fusion-widget-cart-icon:after{color:#f4aa00;}<\/style><nav id=\"fusion-menu-widget-8\" class=\"fusion-widget-menu\" aria-label=\"Secondary navigation\"><ul id=\"menu-egonkiefermenue\" class=\"menu\"><li id=\"menu-item-4834\" class=\"menu-item menu-item-type-post_type menu-item-object-page menu-item-4834\"><a title=\"EgoKiefer Kunststofffenster Pestitschek Graz \u00d6sterreich\" href=\"https:\/\/www.pestitschek.at\/fensterundtuerengraz\/egokiefer-kunststofffenster-pestitschek-graz-oesterreich\/\">KUNSTSTOFFFENSTER<\/a><\/li><li id=\"menu-item-4833\" class=\"menu-item menu-item-type-post_type menu-item-object-page menu-item-4833\"><a title=\"EgoKiefer Kunststoff Alu Fenster Pestitschek Graz \u00d6sterreich\" href=\"https:\/\/www.pestitschek.at\/fensterundtuerengraz\/egokiefer-kunststoff-alu-fenster-pestitschek-graz-oesterreich\/\">KUNSTSTOFF-ALU-FENSTER<\/a><\/li><\/ul><\/nav><\/div><div class=\"fusion-additional-widget-content\"><\/div><\/div><div class=\"fusion-clearfix\"><\/div><\/div><\/div><\/div><\/div><div class=\"fusion-fullwidth fullwidth-box fusion-builder-row-2 nonhundred-percent-fullwidth non-hundred-percent-height-scrolling\" style=\"--awb-border-radius-top-left:0px;--awb-border-radius-top-right:0px;--awb-border-radius-bottom-right:0px;--awb-border-radius-bottom-left:0px;--awb-padding-top:5px;--awb-padding-bottom:20px;--awb-background-color:#ffffff;--awb-flex-wrap:wrap;\" ><div class=\"fusion-builder-row fusion-row\"><div class=\"fusion-layout-column fusion_builder_column fusion-builder-column-1 fusion_builder_column_1_2 1_2 fusion-one-half fusion-column-first\" style=\"--awb-padding-top:20px;--awb-padding-right:20px;--awb-padding-bottom:20px;--awb-bg-size:cover;width:50%;width:calc(50% - ( ( 0px ) * 0.5 ) );margin-right: 0px;\"><div class=\"fusion-column-wrapper fusion-flex-column-wrapper-legacy\"><div class=\"fusion-text fusion-text-1\"><h1 class=\"myHeadline1\">FENSTER VON EgoKiefer<\/h1>\n<p class=\"myInfoText2\"><strong>Einfach komfortabel.<\/strong><\/p>\n<p class=\"myInfoText2\">H\u00f6chste Anspr\u00fcche bei Qualit\u00e4t, Technologie, Design, Sicherheit und Komfort &#8211; das zeichnet EgoKiefer seit Jahrzehnten aus. Gegr\u00fcndet vor \u00fcber 80 Jahren, ist EgoKiefer heute die Nummer 1 im Schweizer Fenster- und T\u00fcrenmarkt und z\u00e4hlt zu den f\u00fchrenden Fenstermarken in Europa.<\/p>\n<p class=\"myInfoText2\">Durch das breite Angebot, ist EgoKiefer in der Lage, Ihre Anforderungen einfach und komfortabel zu erf\u00fcllen.<\/p>\n<p class=\"myInfoText2\">Der Name \u00abEgoKiefer\u00bb ist  ein G\u00fctesiegel f\u00fcr reiche Produktions- und Markterfahrung, aber auch f\u00fcr gro\u00dfe Innovationskraft: Das Unternehmen hat mit seinen Innovationen in der Branche immer wieder Meilensteine gesetzt.<\/p>\n<\/div><div class=\"fusion-clearfix\"><\/div><\/div><\/div><div class=\"fusion-layout-column fusion_builder_column fusion-builder-column-2 fusion_builder_column_1_2 1_2 fusion-one-half fusion-column-last\" style=\"--awb-padding-top:20px;--awb-bg-size:cover;width:50%;width:calc(50% - ( ( 0px ) * 0.5 ) );\"><div class=\"fusion-column-wrapper fusion-flex-column-wrapper-legacy\"><div class=\"fusion-image-element fusion-image-align-left in-legacy-container\" style=\"text-align:left;--awb-caption-title-font-family:var(--h2_typography-font-family);--awb-caption-title-font-weight:var(--h2_typography-font-weight);--awb-caption-title-font-style:var(--h2_typography-font-style);--awb-caption-title-size:var(--h2_typography-font-size);--awb-caption-title-transform:var(--h2_typography-text-transform);--awb-caption-title-line-height:var(--h2_typography-line-height);--awb-caption-title-letter-spacing:var(--h2_typography-letter-spacing);\"><span class=\" fusion-imageframe imageframe-dropshadow imageframe-1 hover-type-zoomin fusion-animated\" style=\"-webkit-box-shadow: 3px 3px 7px rgba(0,0,0,0.3);box-shadow: 3px 3px 7px rgba(0,0,0,0.3);margin-right:25px;float:left;\" data-animationType=\"fadeIn\" data-animationDuration=\"0.3\" data-animationOffset=\"top-into-view\"><img decoding=\"async\" width=\"477\" height=\"700\" alt=\"Fenster von Pestitschek Graz - \u00d6sterreich\" title=\"fenster-egokiefer-allgemein-graz-pestitschek\" src=\"https:\/\/www.pestitschek.at\/fensterundtuerengraz\/wp-content\/uploads\/2017\/02\/fenster-egokiefer-allgemein-graz-pestitschek2.jpg\" data-orig-src=\"https:\/\/www.pestitschek.at\/fensterundtuerengraz\/wp-content\/uploads\/2017\/02\/fenster-egokiefer-allgemein-graz-pestitschek2.jpg\" class=\"lazyload img-responsive wp-image-4862\" srcset=\"data:image\/svg+xml,%3Csvg%20xmlns%3D%27http%3A%2F%2Fwww.w3.org%2F2000%2Fsvg%27%20width%3D%27477%27%20height%3D%27700%27%20viewBox%3D%270%200%20477%20700%27%3E%3Crect%20width%3D%27477%27%20height%3D%27700%27%20fill-opacity%3D%220%22%2F%3E%3C%2Fsvg%3E\" data-srcset=\"https:\/\/www.pestitschek.at\/fensterundtuerengraz\/wp-content\/uploads\/2017\/02\/fenster-egokiefer-allgemein-graz-pestitschek2-200x294.jpg 200w, https:\/\/www.pestitschek.at\/fensterundtuerengraz\/wp-content\/uploads\/2017\/02\/fenster-egokiefer-allgemein-graz-pestitschek2-400x587.jpg 400w, https:\/\/www.pestitschek.at\/fensterundtuerengraz\/wp-content\/uploads\/2017\/02\/fenster-egokiefer-allgemein-graz-pestitschek2.jpg 477w\" data-sizes=\"auto\" data-orig-sizes=\"(max-width: 800px) 100vw, 477px\" \/><\/span><\/div><div class=\"fusion-clearfix\"><\/div><\/div><\/div><\/div><\/div><div class=\"fusion-fullwidth fullwidth-box fusion-builder-row-3 nonhundred-percent-fullwidth non-hundred-percent-height-scrolling fusion-no-medium-visibility fusion-no-large-visibility\" style=\"--awb-border-color:#000000;--awb-border-radius-top-left:0px;--awb-border-radius-top-right:0px;--awb-border-radius-bottom-right:0px;--awb-border-radius-bottom-left:0px;--awb-padding-top:20px;--awb-padding-bottom:20px;--awb-margin-bottom:30px;--awb-background-color:#eaeaea;--awb-border-sizes-top:1px;--awb-border-sizes-bottom:1px;--awb-flex-wrap:wrap;\" ><div class=\"fusion-builder-row fusion-row\"><div class=\"fusion-layout-column fusion_builder_column fusion-builder-column-3 fusion_builder_column_1_1 1_1 fusion-one-full fusion-column-first fusion-column-last\" style=\"--awb-bg-size:cover;\"><div class=\"fusion-column-wrapper fusion-flex-column-wrapper-legacy\"><div class=\"fusion-align-block\"><a class=\"fusion-button button-flat button-medium button-default fusion-button-default button-1 fusion-button-span-yes fusion-button-default-type\" target=\"_self\" title=\"Kunststofffenster von EgoKiefer\" aria-label=\"Kunststofffenster von EgoKiefer\" href=\"https:\/\/www.pestitschek.at\/fensterundtuerengraz\/egokiefer-kunststofffenster-pestitschek-graz-oesterreich\/\"><span class=\"fusion-button-icon-divider button-icon-divider-left\"><i class=\" fa fa-location-arrow\" aria-hidden=\"true\"><\/i><\/span><span class=\"fusion-button-text fusion-button-text-left\">Kunststoff-Fenster<\/span><\/a><\/div><div class=\"fusion-sep-clear\"><\/div><div class=\"fusion-separator fusion-full-width-sep\" style=\"margin-left: auto;margin-right: auto;margin-top:15px;margin-bottom:15px;width:100%;\"><\/div><div class=\"fusion-sep-clear\"><\/div><div class=\"fusion-align-block\"><a class=\"fusion-button button-flat button-medium button-default fusion-button-default button-2 fusion-button-span-yes fusion-button-default-type\" target=\"_self\" title=\"Kunststoff-Alu-Fenster von EgoKiefer\" aria-label=\"Kunststoff-Alu-Fenster von EgoKiefer\" href=\"https:\/\/www.pestitschek.at\/fensterundtuerengraz\/egokiefer-kunststoff-alu-fenster-pestitschek-graz-oesterreich\/\"><span class=\"fusion-button-icon-divider button-icon-divider-left\"><i class=\" fa fa-location-arrow\" aria-hidden=\"true\"><\/i><\/span><span class=\"fusion-button-text fusion-button-text-left\">Kunststoff-Alu-Fenster<\/span><\/a><\/div><div class=\"fusion-clearfix\"><\/div><\/div><\/div><\/div><\/div><div class=\"fusion-fullwidth fullwidth-box fusion-builder-row-4 nonhundred-percent-fullwidth non-hundred-percent-height-scrolling fusion-no-small-visibility fusion-no-medium-visibility\" style=\"--awb-border-radius-top-left:0px;--awb-border-radius-top-right:0px;--awb-border-radius-bottom-right:0px;--awb-border-radius-bottom-left:0px;--awb-background-color:#626262;--awb-flex-wrap:wrap;\" ><div class=\"fusion-builder-row fusion-row\"><div class=\"fusion-layout-column fusion_builder_column fusion-builder-column-4 fusion_builder_column_1_1 1_1 fusion-one-full fusion-column-first fusion-column-last\" style=\"--awb-padding-top:20px;--awb-bg-size:cover;\"><div class=\"fusion-column-wrapper fusion-flex-column-wrapper-legacy\"><div class=\"fusion-title title fusion-title-1 fusion-title-text fusion-title-size-two\" style=\"--awb-sep-color:#ffffff;\"><h2 class=\"fusion-title-heading title-heading-left fusion-responsive-typography-calculated\" style=\"margin:0;--fontSize:22;--minFontSize:22;line-height:1.5;\"><h2 class=\"myHeadlinePremium\">UNSERE PREMIUM-PARTNER F\u00dcR FENSTER:<\/h2><\/h2><span class=\"awb-title-spacer\"><\/span><div class=\"title-sep-container\"><div class=\"title-sep sep-double sep-dotted\" style=\"border-color:#ffffff;\"><\/div><\/div><\/div><div class=\"fusion-clearfix\"><\/div><\/div><\/div><\/div><\/div><div class=\"fusion-fullwidth fullwidth-box fusion-builder-row-5 nonhundred-percent-fullwidth non-hundred-percent-height-scrolling fusion-no-large-visibility\" style=\"--awb-border-radius-top-left:0px;--awb-border-radius-top-right:0px;--awb-border-radius-bottom-right:0px;--awb-border-radius-bottom-left:0px;--awb-padding-top:0px;--awb-padding-right:0px;--awb-padding-bottom:0px;--awb-padding-left:20px;--awb-margin-top:0px;--awb-margin-bottom:0px;--awb-background-color:#626262;--awb-border-sizes-top:0px;--awb-border-sizes-bottom:0px;--awb-flex-wrap:wrap;\" ><div class=\"fusion-builder-row fusion-row\"><div class=\"fusion-layout-column fusion_builder_column fusion-builder-column-5 fusion_builder_column_1_1 1_1 fusion-one-full fusion-column-first fusion-column-last\" style=\"--awb-padding-top:0px;--awb-padding-right:0px;--awb-padding-bottom:0px;--awb-padding-left:0px;--awb-bg-size:cover;--awb-border-color:#000000;--awb-border-style:solid;\"><div class=\"fusion-column-wrapper fusion-flex-column-wrapper-legacy\"><div class=\"fusion-column-content-centered\"><div class=\"fusion-column-content\"><div class=\"fusion-text fusion-text-2\"><h4 class=\"myHeadlinePremium\">UNSERE PREMIUM-PARTNER F\u00dcR FENSTER:<\/h4>\n<\/div><\/div><\/div><div class=\"fusion-clearfix\"><\/div><\/div><\/div><\/div><\/div><div class=\"fusion-fullwidth fullwidth-box fusion-builder-row-6 nonhundred-percent-fullwidth non-hundred-percent-height-scrolling\" style=\"--awb-border-radius-top-left:0px;--awb-border-radius-top-right:0px;--awb-border-radius-bottom-right:0px;--awb-border-radius-bottom-left:0px;--awb-padding-top:0px;--awb-padding-right:0px;--awb-padding-bottom:0px;--awb-padding-left:0px;--awb-margin-top:0px;--awb-margin-bottom:0px;--awb-flex-wrap:wrap;\" ><div class=\"fusion-builder-row fusion-row\"><div class=\"fusion-layout-column fusion_builder_column fusion-builder-column-6 fusion_builder_column_1_1 1_1 fusion-one-full fusion-column-first fusion-column-last\" style=\"--awb-padding-top:20px;--awb-padding-bottom:20px;--awb-bg-size:cover;\"><div class=\"fusion-column-wrapper fusion-flex-column-wrapper-legacy\"><div class=\"fusion-image-carousel fusion-image-carousel-auto fusion-image-carousel-1 fusion-carousel-border myPremiumLogosCarousel\"><div class=\"awb-carousel awb-swiper awb-swiper-carousel\" data-autoplay=\"no\" data-columns=\"2\" data-itemmargin=\"13\" data-itemwidth=\"180\" data-touchscroll=\"no\" data-imagesize=\"auto\" style=\"--awb-columns:2;\"><div class=\"swiper-wrapper awb-image-carousel-wrapper fusion-flex-align-items-center\"><div class=\"swiper-slide\"><div class=\"fusion-carousel-item-wrapper\"><div class=\"fusion-image-wrapper hover-type-none\"><a href=\"https:\/\/www.pestitschek.at\/fensterundtuerengraz\/hrachowina-fenster-pestitschek-graz-oesterreich\/\" target=\"_self\"><img decoding=\"async\" width=\"200\" height=\"150\" src=\"data:image\/svg+xml,%3Csvg%20xmlns%3D%27http%3A%2F%2Fwww.w3.org%2F2000%2Fsvg%27%20width%3D%27200%27%20height%3D%27150%27%20viewBox%3D%270%200%20200%20150%27%3E%3Crect%20width%3D%27200%27%20height%3D%27150%27%20fill-opacity%3D%220%22%2F%3E%3C%2Fsvg%3E\" class=\"attachment-full size-full lazyload\" alt=\"Hrachowina Fenster Pestitschek Graz\" data-orig-src=\"https:\/\/www.pestitschek.at\/fensterundtuerengraz\/wp-content\/uploads\/2016\/10\/logo-hrachowina-premiumpartner-pestitschek.jpg\" \/><\/a><\/div><\/div><\/div><div class=\"swiper-slide\"><div class=\"fusion-carousel-item-wrapper\"><div class=\"fusion-image-wrapper hover-type-none\"><a href=\"https:\/\/www.pestitschek.at\/fensterundtuerengraz\/egokiefer-fenster-pestitschek-graz-oesterreich\/\" target=\"_self\"><img decoding=\"async\" width=\"200\" height=\"150\" src=\"data:image\/svg+xml,%3Csvg%20xmlns%3D%27http%3A%2F%2Fwww.w3.org%2F2000%2Fsvg%27%20width%3D%27200%27%20height%3D%27150%27%20viewBox%3D%270%200%20200%20150%27%3E%3Crect%20width%3D%27200%27%20height%3D%27150%27%20fill-opacity%3D%220%22%2F%3E%3C%2Fsvg%3E\" class=\"attachment-full size-full lazyload\" alt=\"EgoKiefer Fenster Pestitschek Graz\" data-orig-src=\"https:\/\/www.pestitschek.at\/fensterundtuerengraz\/wp-content\/uploads\/2016\/10\/logo-egokiefer-premiumpartner-pestitschek.jpg\" \/><\/a><\/div><\/div><\/div><\/div><div class=\"awb-swiper-button awb-swiper-button-prev\"><i class=\"awb-icon-angle-left\" aria-hidden=\"true\"><\/i><\/div><div class=\"awb-swiper-button awb-swiper-button-next\"><i class=\"awb-icon-angle-right\" aria-hidden=\"true\"><\/i><\/div><\/div><\/div><div class=\"fusion-clearfix\"><\/div><\/div><\/div><\/div><\/div><div class=\"fusion-fullwidth fullwidth-box fusion-builder-row-7 hundred-percent-fullwidth non-hundred-percent-height-scrolling fusion-no-small-visibility\" style=\"--awb-border-radius-top-left:0px;--awb-border-radius-top-right:0px;--awb-border-radius-bottom-right:0px;--awb-border-radius-bottom-left:0px;--awb-padding-top:20px;--awb-padding-right:0px;--awb-padding-bottom:0px;--awb-padding-left:0px;--awb-margin-top:0px;--awb-margin-bottom:0px;--awb-border-sizes-top:0px;--awb-border-sizes-bottom:0px;--awb-flex-wrap:wrap;\" ><div class=\"fusion-builder-row fusion-row\"><div class=\"fusion-layout-column fusion_builder_column fusion-builder-column-7 fusion_builder_column_1_1 1_1 fusion-one-full fusion-column-first fusion-column-last\" style=\"--awb-padding-top:0px;--awb-padding-right:0px;--awb-padding-bottom:0px;--awb-padding-left:0px;--awb-bg-size:cover;--awb-border-color:#000000;--awb-border-style:solid;\"><div class=\"fusion-column-wrapper fusion-flex-column-wrapper-legacy\"><div class=\"fusion-column-content-centered\"><div class=\"fusion-column-content\"><div class=\"fusion-widget-area awb-widget-area-element fusion-widget-area-2 fusion-content-widget-area\" style=\"--awb-title-size:13px;--awb-background-color:#282a2b;--awb-title-color:#333333;--awb-padding:0px 0px 0px 0px;\"><div id=\"custom_html-2\" class=\"widget_text widget widget_custom_html\" style=\"border-style: solid;border-color:transparent;border-width:0px;\"><div class=\"textwidget custom-html-widget\"><\/div><\/div><div class=\"fusion-additional-widget-content\"><\/div><\/div><\/div><\/div><div class=\"fusion-clearfix\"><\/div><\/div><\/div><\/div><\/div><\/p>\n","protected":false},"excerpt":{"rendered":"","protected":false},"author":1,"featured_media":0,"parent":0,"menu_order":0,"comment_status":"closed","ping_status":"closed","template":"100-width.php","meta":{"_acf_changed":false,"footnotes":""},"acf":[],"_links":{"self":[{"href":"https:\/\/www.pestitschek.at\/fensterundtuerengraz\/wp-json\/wp\/v2\/pages\/4654"}],"collection":[{"href":"https:\/\/www.pestitschek.at\/fensterundtuerengraz\/wp-json\/wp\/v2\/pages"}],"about":[{"href":"https:\/\/www.pestitschek.at\/fensterundtuerengraz\/wp-json\/wp\/v2\/types\/page"}],"author":[{"embeddable":true,"href":"https:\/\/www.pestitschek.at\/fensterundtuerengraz\/wp-json\/wp\/v2\/users\/1"}],"replies":[{"embeddable":true,"href":"https:\/\/www.pestitschek.at\/fensterundtuerengraz\/wp-json\/wp\/v2\/comments?post=4654"}],"version-history":[{"count":31,"href":"https:\/\/www.pestitschek.at\/fensterundtuerengraz\/wp-json\/wp\/v2\/pages\/4654\/revisions"}],"predecessor-version":[{"id":4832,"href":"https:\/\/www.pestitschek.at\/fensterundtuerengraz\/wp-json\/wp\/v2\/pages\/4654\/revisions\/4832"}],"wp:attachment":[{"href":"https:\/\/www.pestitschek.at\/fensterundtuerengraz\/wp-json\/wp\/v2\/media?parent=4654"}],"curies":[{"name":"wp","href":"https:\/\/api.w.org\/{rel}","templated":true}]}}